{"id":523,"date":"2021-04-13T16:53:41","date_gmt":"2021-04-13T14:53:41","guid":{"rendered":"http:\/\/bplassa.cluster030.hosting.ovh.net\/index.php\/il-processo-di-lavorazione\/"},"modified":"2021-07-27T15:46:28","modified_gmt":"2021-07-27T13:46:28","slug":"le-procede-de-traitement","status":"publish","type":"page","link":"https:\/\/www.riseriaprovera.it\/fr\/le-procede-de-traitement\/","title":{"rendered":"Le Proc\u00e9d\u00e9 De Traitement"},"content":{"rendered":"<p><div class=\"fusion-fullwidth fullwidth-box fusion-builder-row-1 fusion-flex-container nonhundred-percent-fullwidth non-hundred-percent-height-scrolling\" style=\"--awb-border-radius-top-left:0px;--awb-border-radius-top-right:0px;--awb-border-radius-bottom-right:0px;--awb-border-radius-bottom-left:0px;--awb-padding-top:50px;--awb-padding-bottom:30px;--awb-flex-wrap:wrap;\" ><div class=\"fusion-builder-row fusion-row fusion-flex-align-items-center fusion-flex-content-wrap\" style=\"max-width:calc( 1200px + 80px );margin-left: calc(-80px \/ 2 );margin-right: calc(-80px \/ 2 );\"><div class=\"fusion-layout-column fusion_builder_column fusion-builder-column-0 fusion_builder_column_1_1 1_1 fusion-flex-column\" style=\"--awb-bg-size:cover;--awb-width-large:100%;--awb-margin-top-large:0px;--awb-spacing-right-large:40px;--awb-margin-bottom-large:20px;--awb-spacing-left-large:40px;--awb-width-medium:100%;--awb-order-medium:0;--awb-spacing-right-medium:40px;--awb-spacing-left-medium:40px;--awb-width-small:100%;--awb-order-small:0;--awb-spacing-right-small:40px;--awb-spacing-left-small:40px;\"><div class=\"fusion-column-wrapper fusion-column-has-shadow fusion-flex-justify-content-flex-start fusion-content-layout-column\"><div class=\"fusion-title title fusion-title-1 fusion-sep-none fusion-title-text fusion-title-size-two\" style=\"--awb-margin-top:0px;--awb-margin-bottom:30px;--awb-margin-top-small:0px;--awb-margin-right-small:0px;--awb-margin-bottom-small:10px;--awb-margin-left-small:0px;\"><h2 class=\"fusion-title-heading title-heading-left\" style=\"margin:0;\">Mati\u00e8re Premi\u00e8re<\/h2><\/div><div class=\"fusion-text fusion-text-1\"><p>Apr\u00e8s avoir re\u00e7u la <strong>mati\u00e8re premi\u00e8re (riz paddy)<\/strong> et avoir soigneusement contr\u00f4l\u00e9 la qualit\u00e9 et les marchandises sur une installation pilote, on passe au stockage dans les silos externes, qui sont d\u00e9di\u00e9s uniquement aux mati\u00e8res premi\u00e8res.<\/p>\n<p>On pr\u00e9l\u00e8ve le riz paddy directement dans ces silos et on commence le premier traitement, <strong>le d\u00e9corticage<\/strong>, qui transforme la mati\u00e8re premi\u00e8re en riz complet.<\/p>\n<p>Ce traitement garantit que le riz complet conserve int\u00e9gralement ses principes nutritifs; en effet le frottement entre le grain et le caoutchouc ne modifie absolument pas le produit.<\/p>\n<p>Avec un l\u00e9ger traitement, <strong>le riz complet devient semi-blanchi<\/strong>, un produit excellent m\u00eame s&rsquo;il est moins riche en fibres.<\/p>\n<p>On obtient <strong>le riz blanc<\/strong>, en utilisant des blanchisseuses qui transforment le grain d\u00e9licatement en plusieurs passages, et en renforcent la fragrance.<\/p>\n<p>La qualit\u00e9 est garantie, <strong>pendant le processus de s\u00e9lection<\/strong>, par un dispositif de tri optique: les grains sont choisis ou refus\u00e9s en fonction de la couleur qu&rsquo;ils ont sur leur surface. On garantit ainsi un riz ayant des caract\u00e9ristiques de qualit\u00e9 homog\u00e8nes et constantes.<\/p>\n<p>Comme les conditions, d&rsquo;abord du riz paddy, puis du riz proprement dit, peuvent \u00eatre alt\u00e9r\u00e9es par une s\u00e9rie de facteurs et causes concomitants (p\u00e9riode de stockage, conditions atmosph\u00e9riques et temp\u00e9rature du milieu), apr\u00e8s m\u00fbre r\u00e9flexion nous avons choisi le <strong>traitement avec N<sub>2<\/sub><\/strong> qui permet de pr\u00e9venir d\u2019\u00e9ventuelles infestations. C&rsquo;est un <strong>proc\u00e9d\u00e9 exclusif, technologiquement avanc\u00e9, absolument pas polluant ni toxique<\/strong>.<\/p>\n<\/div><\/div><\/div><\/div><\/div><div class=\"fusion-fullwidth fullwidth-box fusion-builder-row-2 fusion-flex-container hundred-percent-fullwidth non-hundred-percent-height-scrolling\" style=\"--awb-border-radius-top-left:0px;--awb-border-radius-top-right:0px;--awb-border-radius-bottom-right:0px;--awb-border-radius-bottom-left:0px;--awb-padding-right:0px;--awb-padding-left:0px;--awb-flex-wrap:wrap;\" ><div class=\"fusion-builder-row fusion-row fusion-flex-align-items-flex-start fusion-flex-content-wrap\" style=\"width:104% !important;max-width:104% !important;margin-left: calc(-4% \/ 2 );margin-right: calc(-4% \/ 2 );\"><div class=\"fusion-layout-column fusion_builder_column fusion-builder-column-1 fusion_builder_column_1_1 1_1 fusion-flex-column\" style=\"--awb-bg-size:cover;--awb-width-large:100%;--awb-margin-top-large:0px;--awb-spacing-right-large:1.92%;--awb-margin-bottom-large:0px;--awb-spacing-left-large:1.92%;--awb-width-medium:100%;--awb-order-medium:0;--awb-spacing-right-medium:1.92%;--awb-spacing-left-medium:1.92%;--awb-width-small:100%;--awb-order-small:0;--awb-spacing-right-small:1.92%;--awb-spacing-left-small:1.92%;\"><div class=\"fusion-column-wrapper fusion-column-has-shadow fusion-flex-justify-content-flex-start fusion-content-layout-column\"><div class=\"awb-gallery-wrapper awb-gallery-wrapper-1 button-span-no\"><div style=\"margin:0px;--awb-bordersize:0px;\" class=\"fusion-gallery fusion-gallery-container fusion-grid-4 fusion-columns-total-4 fusion-gallery-layout-grid fusion-gallery-1\"><div style=\"padding:0px;\" class=\"fusion-grid-column fusion-gallery-column fusion-gallery-column-4 hover-type-zoomin\"><div class=\"fusion-gallery-image\"><a href=\"https:\/\/www.riseriaprovera.it\/wp-content\/uploads\/2021\/05\/scaricaRiso.jpg\" rel=\"noreferrer\" data-rel=\"iLightbox[gallery_image_1]\" class=\"fusion-lightbox\" target=\"_self\"><img decoding=\"async\" src=\"https:\/\/www.riseriaprovera.it\/wp-content\/uploads\/2021\/05\/scaricaRiso.jpg\" width=\"1920\" height=\"1280\" alt=\"\" title=\"scaricaRiso\" aria-label=\"scaricaRiso\" class=\"img-responsive wp-image-249\" srcset=\"https:\/\/www.riseriaprovera.it\/wp-content\/uploads\/2021\/05\/scaricaRiso-200x133.jpg 200w, https:\/\/www.riseriaprovera.it\/wp-content\/uploads\/2021\/05\/scaricaRiso-400x267.jpg 400w, https:\/\/www.riseriaprovera.it\/wp-content\/uploads\/2021\/05\/scaricaRiso-600x400.jpg 600w, https:\/\/www.riseriaprovera.it\/wp-content\/uploads\/2021\/05\/scaricaRiso-800x533.jpg 800w, https:\/\/www.riseriaprovera.it\/wp-content\/uploads\/2021\/05\/scaricaRiso-1200x800.jpg 1200w, https:\/\/www.riseriaprovera.it\/wp-content\/uploads\/2021\/05\/scaricaRiso.jpg 1920w\" sizes=\"(min-width: 2200px) 100vw, (min-width: 856px) 300px, (min-width: 784px) 400px, (min-width: 712px) 600px, (min-width: 640px) 712px, \" \/><\/a><\/div><\/div><div style=\"padding:0px;\" class=\"fusion-grid-column fusion-gallery-column fusion-gallery-column-4 hover-type-zoomin\"><div class=\"fusion-gallery-image\"><a href=\"https:\/\/www.riseriaprovera.it\/wp-content\/uploads\/2021\/05\/MG_1040.jpg\" rel=\"noreferrer\" data-rel=\"iLightbox[gallery_image_1]\" class=\"fusion-lightbox\" target=\"_self\"><img decoding=\"async\" src=\"https:\/\/www.riseriaprovera.it\/wp-content\/uploads\/2021\/05\/MG_1040.jpg\" width=\"1920\" height=\"1280\" alt=\"\" title=\"_MG_1040\" aria-label=\"_MG_1040\" class=\"img-responsive wp-image-250\" srcset=\"https:\/\/www.riseriaprovera.it\/wp-content\/uploads\/2021\/05\/MG_1040-200x133.jpg 200w, https:\/\/www.riseriaprovera.it\/wp-content\/uploads\/2021\/05\/MG_1040-400x267.jpg 400w, https:\/\/www.riseriaprovera.it\/wp-content\/uploads\/2021\/05\/MG_1040-600x400.jpg 600w, https:\/\/www.riseriaprovera.it\/wp-content\/uploads\/2021\/05\/MG_1040-800x533.jpg 800w, https:\/\/www.riseriaprovera.it\/wp-content\/uploads\/2021\/05\/MG_1040-1200x800.jpg 1200w, https:\/\/www.riseriaprovera.it\/wp-content\/uploads\/2021\/05\/MG_1040.jpg 1920w\" sizes=\"(min-width: 2200px) 100vw, (min-width: 856px) 300px, (min-width: 784px) 400px, (min-width: 712px) 600px, (min-width: 640px) 712px, \" \/><\/a><\/div><\/div><div style=\"padding:0px;\" class=\"fusion-grid-column fusion-gallery-column fusion-gallery-column-4 hover-type-zoomin\"><div class=\"fusion-gallery-image\"><a href=\"https:\/\/www.riseriaprovera.it\/wp-content\/uploads\/2021\/05\/MG_3209.jpg\" rel=\"noreferrer\" data-rel=\"iLightbox[gallery_image_1]\" class=\"fusion-lightbox\" target=\"_self\"><img decoding=\"async\" src=\"https:\/\/www.riseriaprovera.it\/wp-content\/uploads\/2021\/05\/MG_3209.jpg\" width=\"1920\" height=\"1280\" alt=\"\" title=\"_MG_3209\" aria-label=\"_MG_3209\" class=\"img-responsive wp-image-251\" srcset=\"https:\/\/www.riseriaprovera.it\/wp-content\/uploads\/2021\/05\/MG_3209-200x133.jpg 200w, https:\/\/www.riseriaprovera.it\/wp-content\/uploads\/2021\/05\/MG_3209-400x267.jpg 400w, https:\/\/www.riseriaprovera.it\/wp-content\/uploads\/2021\/05\/MG_3209-600x400.jpg 600w, https:\/\/www.riseriaprovera.it\/wp-content\/uploads\/2021\/05\/MG_3209-800x533.jpg 800w, https:\/\/www.riseriaprovera.it\/wp-content\/uploads\/2021\/05\/MG_3209-1200x800.jpg 1200w, https:\/\/www.riseriaprovera.it\/wp-content\/uploads\/2021\/05\/MG_3209.jpg 1920w\" sizes=\"(min-width: 2200px) 100vw, (min-width: 856px) 300px, (min-width: 784px) 400px, (min-width: 712px) 600px, (min-width: 640px) 712px, \" \/><\/a><\/div><\/div><div style=\"padding:0px;\" class=\"fusion-grid-column fusion-gallery-column fusion-gallery-column-4 hover-type-zoomin\"><div class=\"fusion-gallery-image\"><a href=\"https:\/\/www.riseriaprovera.it\/wp-content\/uploads\/2021\/05\/risoSuRullo3.jpg\" rel=\"noreferrer\" data-rel=\"iLightbox[gallery_image_1]\" class=\"fusion-lightbox\" target=\"_self\"><img decoding=\"async\" src=\"https:\/\/www.riseriaprovera.it\/wp-content\/uploads\/2021\/05\/risoSuRullo3.jpg\" width=\"1920\" height=\"1280\" alt=\"\" title=\"risoSuRullo3\" aria-label=\"risoSuRullo3\" class=\"img-responsive wp-image-252\" srcset=\"https:\/\/www.riseriaprovera.it\/wp-content\/uploads\/2021\/05\/risoSuRullo3-200x133.jpg 200w, https:\/\/www.riseriaprovera.it\/wp-content\/uploads\/2021\/05\/risoSuRullo3-400x267.jpg 400w, https:\/\/www.riseriaprovera.it\/wp-content\/uploads\/2021\/05\/risoSuRullo3-600x400.jpg 600w, https:\/\/www.riseriaprovera.it\/wp-content\/uploads\/2021\/05\/risoSuRullo3-800x533.jpg 800w, https:\/\/www.riseriaprovera.it\/wp-content\/uploads\/2021\/05\/risoSuRullo3-1200x800.jpg 1200w, https:\/\/www.riseriaprovera.it\/wp-content\/uploads\/2021\/05\/risoSuRullo3.jpg 1920w\" sizes=\"(min-width: 2200px) 100vw, (min-width: 856px) 300px, (min-width: 784px) 400px, (min-width: 712px) 600px, (min-width: 640px) 712px, \" \/><\/a><\/div><\/div><div class=\"clearfix\"><\/div><\/div><\/div><\/div><\/div><\/div><\/div><div class=\"fusion-fullwidth fullwidth-box fusion-builder-row-3 fusion-flex-container nonhundred-percent-fullwidth non-hundred-percent-height-scrolling\" style=\"--awb-border-radius-top-left:0px;--awb-border-radius-top-right:0px;--awb-border-radius-bottom-right:0px;--awb-border-radius-bottom-left:0px;--awb-padding-top:50px;--awb-padding-bottom:30px;--awb-background-color:#e4ded0;--awb-flex-wrap:wrap;\" ><div class=\"fusion-builder-row fusion-row fusion-flex-align-items-center fusion-flex-content-wrap\" style=\"max-width:calc( 1200px + 80px );margin-left: calc(-80px \/ 2 );margin-right: calc(-80px \/ 2 );\"><div class=\"fusion-layout-column fusion_builder_column fusion-builder-column-2 fusion_builder_column_1_1 1_1 fusion-flex-column\" style=\"--awb-bg-size:cover;--awb-width-large:100%;--awb-margin-top-large:0px;--awb-spacing-right-large:40px;--awb-margin-bottom-large:20px;--awb-spacing-left-large:40px;--awb-width-medium:100%;--awb-order-medium:0;--awb-spacing-right-medium:40px;--awb-spacing-left-medium:40px;--awb-width-small:100%;--awb-order-small:0;--awb-spacing-right-small:40px;--awb-spacing-left-small:40px;\"><div class=\"fusion-column-wrapper fusion-column-has-shadow fusion-flex-justify-content-flex-start fusion-content-layout-column\"><div class=\"fusion-title title fusion-title-2 fusion-sep-none fusion-title-center fusion-title-text fusion-title-size-two\" style=\"--awb-text-color:#979287;--awb-margin-top:0px;--awb-margin-bottom:0px;--awb-margin-top-small:0px;--awb-margin-right-small:0px;--awb-margin-bottom-small:10px;--awb-margin-left-small:0px;\"><h2 class=\"fusion-title-heading title-heading-center\" style=\"margin:0;\">Tous les proc\u00e9d\u00e9s qui sont d\u00e9crits ici sont r\u00e9alis\u00e9s chez Riseria Provera, une garantie suppl\u00e9mentaire pour la tra\u00e7abilit\u00e9 des produits, qui sont enti\u00e8rement trait\u00e9s sur place.<\/h2><\/div><\/div><\/div><\/div><\/div><\/p>\n","protected":false},"excerpt":{"rendered":"","protected":false},"author":1,"featured_media":0,"parent":0,"menu_order":0,"comment_status":"closed","ping_status":"closed","template":"100-width.php","meta":{"footnotes":""},"class_list":["post-523","page","type-page","status-publish","hentry"],"_links":{"self":[{"href":"https:\/\/www.riseriaprovera.it\/fr\/wp-json\/wp\/v2\/pages\/523","targetHints":{"allow":["GET"]}}],"collection":[{"href":"https:\/\/www.riseriaprovera.it\/fr\/wp-json\/wp\/v2\/pages"}],"about":[{"href":"https:\/\/www.riseriaprovera.it\/fr\/wp-json\/wp\/v2\/types\/page"}],"author":[{"embeddable":true,"href":"https:\/\/www.riseriaprovera.it\/fr\/wp-json\/wp\/v2\/users\/1"}],"replies":[{"embeddable":true,"href":"https:\/\/www.riseriaprovera.it\/fr\/wp-json\/wp\/v2\/comments?post=523"}],"version-history":[{"count":2,"href":"https:\/\/www.riseriaprovera.it\/fr\/wp-json\/wp\/v2\/pages\/523\/revisions"}],"predecessor-version":[{"id":525,"href":"https:\/\/www.riseriaprovera.it\/fr\/wp-json\/wp\/v2\/pages\/523\/revisions\/525"}],"wp:attachment":[{"href":"https:\/\/www.riseriaprovera.it\/fr\/wp-json\/wp\/v2\/media?parent=523"}],"curies":[{"name":"wp","href":"https:\/\/api.w.org\/{rel}","templated":true}]}}